{"id":7652,"date":"2018-06-18T10:57:24","date_gmt":"2018-06-18T08:57:24","guid":{"rendered":"http:\/\/www.ribefisker.dk\/?page_id=7652"},"modified":"2018-09-01T17:40:12","modified_gmt":"2018-09-01T15:40:12","slug":"fiskeri-med-krebsebrik","status":"publish","type":"page","link":"http:\/\/www.ribefisker.dk\/?page_id=7652","title":{"rendered":"Fiskeri med Krebsebrik"},"content":{"rendered":"<p><a href=\"http:\/\/www.ribefisker.dk\/wp-content\/uploads\/2018\/08\/Krebsebrik.jpg\"><img loading=\"lazy\" decoding=\"async\" data-attachment-id=\"7790\" data-permalink=\"http:\/\/www.ribefisker.dk\/?attachment_id=7790\" data-orig-file=\"http:\/\/www.ribefisker.dk\/wp-content\/uploads\/2018\/08\/Krebsebrik.jpg\" data-orig-size=\"1152,2048\" data-comments-opened=\"0\" data-image-meta=\"{&quot;aperture&quot;:&quot;2.4&quot;,&quot;credit&quot;:&quot;&quot;,&quot;camera&quot;:&quot;SM-G800F&quot;,&quot;caption&quot;:&quot;&quot;,&quot;created_timestamp&quot;:&quot;1534864017&quot;,&quot;copyright&quot;:&quot;&quot;,&quot;focal_length&quot;:&quot;3.3&quot;,&quot;iso&quot;:&quot;40&quot;,&quot;shutter_speed&quot;:&quot;0.0051813471502591&quot;,&quot;title&quot;:&quot;&quot;,&quot;orientation&quot;:&quot;6&quot;}\" data-image-title=\"Krebsebrik\" data-image-description=\"\" data-image-caption=\"\" data-medium-file=\"http:\/\/www.ribefisker.dk\/wp-content\/uploads\/2018\/08\/Krebsebrik-169x300.jpg\" data-large-file=\"http:\/\/www.ribefisker.dk\/wp-content\/uploads\/2018\/08\/Krebsebrik-576x1024.jpg\" class=\"alignnone size-medium wp-image-7790\" src=\"http:\/\/www.ribefisker.dk\/wp-content\/uploads\/2018\/08\/Krebsebrik-169x300.jpg\" alt=\"\" width=\"169\" height=\"300\" srcset=\"http:\/\/www.ribefisker.dk\/wp-content\/uploads\/2018\/08\/Krebsebrik-169x300.jpg 169w, http:\/\/www.ribefisker.dk\/wp-content\/uploads\/2018\/08\/Krebsebrik-768x1365.jpg 768w, http:\/\/www.ribefisker.dk\/wp-content\/uploads\/2018\/08\/Krebsebrik-576x1024.jpg 576w, http:\/\/www.ribefisker.dk\/wp-content\/uploads\/2018\/08\/Krebsebrik-84x150.jpg 84w, http:\/\/www.ribefisker.dk\/wp-content\/uploads\/2018\/08\/Krebsebrik.jpg 1152w\" sizes=\"auto, (max-width: 169px) 100vw, 169px\" \/><\/a><\/p>\n<p>Vedr\u00f8rende Fangst af signalkrebs<br \/>\nBestyrelsen har besluttet, at der i henhold til RSF\u2019s regler kun m\u00e5 fiskes med en stang\/brik. Agn skal v\u00e6re naturlig agn fra den p\u00e5g\u00e6ldende \u00e5, s\u00e5 smittefare undg\u00e5s. L\u00e6s evt. (Vedt\u00e6gter \u00a73. Foreningens medlemmer stk. 3.6 samt \u00a74. Fiskeregler)<\/p>\n<p>RSF henviser i\u00f8vrigt til regler beskrevet ved DTU Auqa.\u00a0<a href=\"http:\/\/www.fiskepleje.dk\/soeer\/fiskeregler-og-fiskeri\/krebs\/fiskemetoder\">FISKEPLEJE<\/a><\/p>\n<p>Samt Milj\u00f8styrelsen regler for <a href=\"https:\/\/mst.dk\/natur-vand\/natur\/national-naturbeskyttelse\/invasive-arter\/hvad-kan-jeg-selv-goere\/bekaempelse\/bekaempelse-signalkrebs\/\">H\u00e5ndtering af signalkrebs<\/a><\/p>\n<p class=\"normal\"><strong>Krebsebrikken<\/strong>\u00a0er lovgivningsm\u00e6ssig at betragte som et \u201dlet h\u00e5ndredskab\u201d p\u00e5 niveau med stang og sn\u00f8re og man m\u00e5 derfor anvende den, n\u00e5r man har l\u00f8st fisketegn. Det er dog en betingelse, at man er til stede og passer redskabet mens der bliver fisket.<\/p>\n<p class=\"normal\">Krebsebrikken er normalt lavet som et lille rundt s\u00e6nkenet med en diameter p\u00e5 30-35 cm og let posning i nettet. Man kan evt. lave kanten som to ringe med 5-10 cm mellemrum bekl\u00e6dt med net. Det g\u00f8r fiskeriet lidt mere effektivt, da krebsen f\u00e5r sv\u00e6rere ved at flygte n\u00e5r krebsebrikken hales ind. Man l\u00e6gger (eller bedre fastbinder) lokkemaden til midten af nettet i bunden af brikken. Brikken bliver herefter s\u00e6nket ned p\u00e5 bunden og hvor den skal ligger helt stille. Under fiskeriet skal den tilses j\u00e6vnligt, f.eks. med 10-15 minutters mellemrum. Det g\u00f8r man ved l\u00f8fte den roligt, men i god fart op af vandet uden at den k\u00e6ntre.<\/p>\n<p><strong><em>VIGTIGT:<\/em><\/strong> <em>Det er pt. ikke lovligt at fiske med krebseruser i Danmark. Det skyldes nye regler om rusers indretning, som er en konsekvens af genopretningsplanen for den europ\u00e6iske \u00e5l. Der bliver pt. i NaturErhvervstyrelsen arbejdet p\u00e5, at rette op p\u00e5 det forhold. Indtil videre anbefaler vi , at man kontakter den lokale fiskerikontrol og f\u00e5r dispensation til at anvende krebseruser.<\/em><\/p>\n<p>&nbsp;<\/p>\n","protected":false},"excerpt":{"rendered":"<p>Vedr\u00f8rende Fangst af signalkrebs Bestyrelsen har besluttet, at der i henhold til RSF\u2019s regler kun m\u00e5 fiskes med en stang\/brik. Agn skal v\u00e6re naturlig agn fra den p\u00e5g\u00e6ldende \u00e5, s\u00e5 smittefare undg\u00e5s. L\u00e6s evt. (Vedt\u00e6gter \u00a73. Foreningens medlemmer stk. 3.6 samt \u00a74. Fiskeregler) RSF henviser i\u00f8vrigt til regler beskrevet ved DTU Auqa.\u00a0FISKEPLEJE Samt Milj\u00f8styrelsen regler for H\u00e5ndtering af signalkrebs Krebsebrikken\u00a0er lovgivningsm\u00e6ssig at betragte som et \u201dlet h\u00e5ndredskab\u201d p\u00e5 niveau med stang og sn\u00f8re og man m\u00e5 derfor anvende den, n\u00e5r man har l\u00f8st fisketegn. Det er dog en betingelse, at man er til stede og passer redskabet mens der bliver\u2026<\/p>\n<p> <a class=\"continue-reading-link\" href=\"http:\/\/www.ribefisker.dk\/?page_id=7652\"><span>Forts\u00e6t l\u00e6sning<\/span><i class=\"crycon-right-dir\"><\/i><\/a> <\/p>\n","protected":false},"author":6,"featured_media":0,"parent":0,"menu_order":0,"comment_status":"closed","ping_status":"closed","template":"","meta":{"jetpack_post_was_ever_published":false,"footnotes":""},"class_list":["post-7652","page","type-page","status-publish","hentry"],"jetpack_sharing_enabled":true,"jetpack_shortlink":"https:\/\/wp.me\/P5ZG2Z-1Zq","_links":{"self":[{"href":"http:\/\/www.ribefisker.dk\/index.php?rest_route=\/wp\/v2\/pages\/7652","targetHints":{"allow":["GET"]}}],"collection":[{"href":"http:\/\/www.ribefisker.dk\/index.php?rest_route=\/wp\/v2\/pages"}],"about":[{"href":"http:\/\/www.ribefisker.dk\/index.php?rest_route=\/wp\/v2\/types\/page"}],"author":[{"embeddable":true,"href":"http:\/\/www.ribefisker.dk\/index.php?rest_route=\/wp\/v2\/users\/6"}],"replies":[{"embeddable":true,"href":"http:\/\/www.ribefisker.dk\/index.php?rest_route=%2Fwp%2Fv2%2Fcomments&post=7652"}],"version-history":[{"count":6,"href":"http:\/\/www.ribefisker.dk\/index.php?rest_route=\/wp\/v2\/pages\/7652\/revisions"}],"predecessor-version":[{"id":7796,"href":"http:\/\/www.ribefisker.dk\/index.php?rest_route=\/wp\/v2\/pages\/7652\/revisions\/7796"}],"wp:attachment":[{"href":"http:\/\/www.ribefisker.dk\/index.php?rest_route=%2Fwp%2Fv2%2Fmedia&parent=7652"}],"curies":[{"name":"wp","href":"https:\/\/api.w.org\/{rel}","templated":true}]}}