{"id":7231,"date":"2018-03-30T20:46:36","date_gmt":"2018-03-30T18:46:36","guid":{"rendered":"http:\/\/www.ribefisker.dk\/?page_id=7231"},"modified":"2021-02-11T17:43:14","modified_gmt":"2021-02-11T16:43:14","slug":"offentliggoerelse-af-foto-paa-hjemmesiden","status":"publish","type":"page","link":"http:\/\/www.ribefisker.dk\/?page_id=7231","title":{"rendered":"Offentligg\u00f8relse af foto p\u00e5 hjemmesiden"},"content":{"rendered":"<p>RSF forbeholder sig retten til at anvende foto, som er taget i forbindelse foreningens arrangementer, iht. &#8220;Datatilsynet&#8221; uden godtg\u00f8relse, med mindre at den enkelte person klart tilkendegiver over for arrang\u00f8re at de IKKE \u00f8nsker at medvirke<\/p>\n<p>Situationsbilleder defineres i denne sammenh\u00e6ng som billeder, hvor en aktivitet eller en situation er det egentlige form\u00e5l med billedet. Det kunne f.eks. v\u00e6re g\u00e6ster til en rockkoncert, legende b\u00f8rn i en skoleg\u00e5rd eller bes\u00f8gende i en zoologisk have.<br \/>\nMods\u00e6tningen hertil er portr\u00e6tbilleder, hvor form\u00e5let er at afbilde en eller flere bestemte personer, jf. mere herom nedenfor.<br \/>\nUdgangspunktet er, at situationsbilleder kan offentligg\u00f8res uden samtykke med hjemmel i interesseafvejningsreglen i persondatalovens \u00a7 6, stk. 1, nr. 7.<br \/>\nDa der er tale om en helhedsvurdering af form\u00e5let med offentligg\u00f8relsen, skal offentligg\u00f8relse ske under skyldig hensyntagen til karakteren af billedet, herunder den sammenh\u00e6ng, hvori billedet optr\u00e6der og form\u00e5let med offentligg\u00f8relsen. Det afg\u00f8rende kriterium er, at den afbildede ikke med rimelighed m\u00e5 kunne f\u00f8le sig udstillet, udnyttet eller kr\u00e6nket, f.eks. i markedsf\u00f8rings eller andet kommercielt \u00f8jemed. Billederne skal s\u00e5ledes v\u00e6re harml\u00f8se.<br \/>\nEksempler p\u00e5 situationsbilleder der som udgangspunkt kan offentligg\u00f8res uden samtykke:<br \/>\nBilleder optaget under en fritidsklubs udfoldelse af aktiviteter<br \/>\nBilleder optaget af unges ophold p\u00e5 en efterskole eller anden privat skole<br \/>\nBilleder optaget ved en kommunal skoles juleafslutning<\/p>\n<p>Ref.:\u00a0<a href=\"https:\/\/www.datatilsynet.dk\/emner\/boern-unge-og-uddannelse\/brug-af-billeder\">https:\/\/www.datatilsynet.dk\/erhverv\/personaleadministration\/billeder-paa-internettet\/<\/a><\/p>\n","protected":false},"excerpt":{"rendered":"<p>RSF forbeholder sig retten til at anvende foto, som er taget i forbindelse foreningens arrangementer, iht. &#8220;Datatilsynet&#8221; uden godtg\u00f8relse, med mindre at den enkelte person klart tilkendegiver over for arrang\u00f8re at de IKKE \u00f8nsker at medvirke Situationsbilleder defineres i denne sammenh\u00e6ng som billeder, hvor en aktivitet eller en situation er det egentlige form\u00e5l med billedet. Det kunne f.eks. v\u00e6re g\u00e6ster til en rockkoncert, legende b\u00f8rn i en skoleg\u00e5rd eller bes\u00f8gende i en zoologisk have. Mods\u00e6tningen hertil er portr\u00e6tbilleder, hvor form\u00e5let er at afbilde en eller flere bestemte personer, jf. mere herom nedenfor. Udgangspunktet er, at situationsbilleder kan offentligg\u00f8res uden samtykke\u2026<\/p>\n<p> <a class=\"continue-reading-link\" href=\"http:\/\/www.ribefisker.dk\/?page_id=7231\"><span>Forts\u00e6t l\u00e6sning<\/span><i class=\"crycon-right-dir\"><\/i><\/a> <\/p>\n","protected":false},"author":6,"featured_media":0,"parent":40,"menu_order":0,"comment_status":"closed","ping_status":"open","template":"","meta":{"jetpack_post_was_ever_published":false,"footnotes":""},"class_list":["post-7231","page","type-page","status-publish","hentry"],"jetpack_sharing_enabled":true,"jetpack_shortlink":"https:\/\/wp.me\/P5ZG2Z-1SD","_links":{"self":[{"href":"http:\/\/www.ribefisker.dk\/index.php?rest_route=\/wp\/v2\/pages\/7231","targetHints":{"allow":["GET"]}}],"collection":[{"href":"http:\/\/www.ribefisker.dk\/index.php?rest_route=\/wp\/v2\/pages"}],"about":[{"href":"http:\/\/www.ribefisker.dk\/index.php?rest_route=\/wp\/v2\/types\/page"}],"author":[{"embeddable":true,"href":"http:\/\/www.ribefisker.dk\/index.php?rest_route=\/wp\/v2\/users\/6"}],"replies":[{"embeddable":true,"href":"http:\/\/www.ribefisker.dk\/index.php?rest_route=%2Fwp%2Fv2%2Fcomments&post=7231"}],"version-history":[{"count":4,"href":"http:\/\/www.ribefisker.dk\/index.php?rest_route=\/wp\/v2\/pages\/7231\/revisions"}],"predecessor-version":[{"id":10812,"href":"http:\/\/www.ribefisker.dk\/index.php?rest_route=\/wp\/v2\/pages\/7231\/revisions\/10812"}],"up":[{"embeddable":true,"href":"http:\/\/www.ribefisker.dk\/index.php?rest_route=\/wp\/v2\/pages\/40"}],"wp:attachment":[{"href":"http:\/\/www.ribefisker.dk\/index.php?rest_route=%2Fwp%2Fv2%2Fmedia&parent=7231"}],"curies":[{"name":"wp","href":"https:\/\/api.w.org\/{rel}","templated":true}]}}