{"id":6907,"date":"2018-02-07T15:43:35","date_gmt":"2018-02-07T14:43:35","guid":{"rendered":"http:\/\/www.ribefisker.dk\/?page_id=6907"},"modified":"2023-03-18T17:22:28","modified_gmt":"2023-03-18T16:22:28","slug":"laks-fangster","status":"publish","type":"page","link":"http:\/\/www.ribefisker.dk\/fangster\/laks-fangster\/","title":{"rendered":"Detaljer p\u00e5 samtlige fangster."},"content":{"rendered":"<div class=\"x1h91t0o xkh2ocl x78zum5 xdt5ytf x13a6bvl x193iq5w x1c4vz4f xcrg951 x1sxyh0 x1nvil2r\" role=\"none\">\n<div aria-hidden=\"true\">\n<p><a href=\"http:\/\/www.xn--ribe-toa.dk\/forside\/fangster-og-indberet\/fangstliste\"><img loading=\"lazy\" decoding=\"async\" class=\"alignnone wp-image-13569 size-large\" src=\"http:\/\/www.ribefisker.dk\/wp-content\/uploads\/2023\/03\/D365470A-4E61-4412-8C7D-DC176FD9EC66-1024x447.jpeg\" alt=\"\" width=\"720\" height=\"314\" srcset=\"http:\/\/www.ribefisker.dk\/wp-content\/uploads\/2023\/03\/D365470A-4E61-4412-8C7D-DC176FD9EC66-1024x447.jpeg 1024w, http:\/\/www.ribefisker.dk\/wp-content\/uploads\/2023\/03\/D365470A-4E61-4412-8C7D-DC176FD9EC66-300x131.jpeg 300w, http:\/\/www.ribefisker.dk\/wp-content\/uploads\/2023\/03\/D365470A-4E61-4412-8C7D-DC176FD9EC66-768x335.jpeg 768w, http:\/\/www.ribefisker.dk\/wp-content\/uploads\/2023\/03\/D365470A-4E61-4412-8C7D-DC176FD9EC66-1536x670.jpeg 1536w, http:\/\/www.ribefisker.dk\/wp-content\/uploads\/2023\/03\/D365470A-4E61-4412-8C7D-DC176FD9EC66-2048x894.jpeg 2048w, http:\/\/www.ribefisker.dk\/wp-content\/uploads\/2023\/03\/D365470A-4E61-4412-8C7D-DC176FD9EC66-150x65.jpeg 150w\" sizes=\"auto, (max-width: 720px) 100vw, 720px\" \/><\/a><\/p>\n<p>Klik p\u00e5 billedet eller link og v\u00e6lg derefter de detaljer du \u00f8nsker at se fra de respektive menuer.<\/p>\n<\/div>\n<div aria-hidden=\"true\"><\/div>\n<\/div>\n<div aria-hidden=\"true\">NB: der skal v\u00e6re indrapporteret fisk i de respektive menuer, for at du kan se de \u00f8nskede fangster.<\/div>\n<div class=\"x1h91t0o xkh2ocl x78zum5 xdt5ytf x13a6bvl x193iq5w x1c4vz4f xcrg951 x1sxyh0 x1nvil2r\" role=\"none\">\n<div aria-hidden=\"true\"><\/div>\n<div class=\"xuk3077 x78zum5 x2lah0s x1fgtraw xgd8bvy\" aria-hidden=\"true\"><a href=\"http:\/\/www.ribe\u00e5.dk\/forside\/fangster-og-indberet\/fangstliste\">http:\/\/www.ribe\u00e5.dk\/forside\/fangster-og-indberet\/fangstliste<br \/>\n<\/a><\/div>\n<\/div>\n","protected":false},"excerpt":{"rendered":"<p>Klik p\u00e5 billedet eller link og v\u00e6lg derefter de detaljer du \u00f8nsker at se fra de respektive menuer. NB: der skal v\u00e6re indrapporteret fisk i de respektive menuer, for at du kan se de \u00f8nskede fangster. http:\/\/www.ribe\u00e5.dk\/forside\/fangster-og-indberet\/fangstliste<\/p>\n<p> <a class=\"continue-reading-link\" href=\"http:\/\/www.ribefisker.dk\/fangster\/laks-fangster\/\"><span>Forts\u00e6t l\u00e6sning<\/span><i class=\"crycon-right-dir\"><\/i><\/a> <\/p>\n","protected":false},"author":6,"featured_media":0,"parent":12,"menu_order":10,"comment_status":"closed","ping_status":"open","template":"templates\/template-onecolumn.php","meta":{"footnotes":""},"class_list":["post-6907","page","type-page","status-publish","hentry"],"_links":{"self":[{"href":"http:\/\/www.ribefisker.dk\/wp-json\/wp\/v2\/pages\/6907","targetHints":{"allow":["GET"]}}],"collection":[{"href":"http:\/\/www.ribefisker.dk\/wp-json\/wp\/v2\/pages"}],"about":[{"href":"http:\/\/www.ribefisker.dk\/wp-json\/wp\/v2\/types\/page"}],"author":[{"embeddable":true,"href":"http:\/\/www.ribefisker.dk\/wp-json\/wp\/v2\/users\/6"}],"replies":[{"embeddable":true,"href":"http:\/\/www.ribefisker.dk\/wp-json\/wp\/v2\/comments?post=6907"}],"version-history":[{"count":23,"href":"http:\/\/www.ribefisker.dk\/wp-json\/wp\/v2\/pages\/6907\/revisions"}],"predecessor-version":[{"id":13572,"href":"http:\/\/www.ribefisker.dk\/wp-json\/wp\/v2\/pages\/6907\/revisions\/13572"}],"up":[{"embeddable":true,"href":"http:\/\/www.ribefisker.dk\/wp-json\/wp\/v2\/pages\/12"}],"wp:attachment":[{"href":"http:\/\/www.ribefisker.dk\/wp-json\/wp\/v2\/media?parent=6907"}],"curies":[{"name":"wp","href":"https:\/\/api.w.org\/{rel}","templated":true}]}}