{"id":13279,"date":"2022-11-14T09:27:46","date_gmt":"2022-11-14T08:27:46","guid":{"rendered":"http:\/\/www.ribefisker.dk\/?page_id=13279"},"modified":"2024-05-02T09:50:46","modified_gmt":"2024-05-02T07:50:46","slug":"anbefalinger-til-klimatilpasning-af-ribe-by","status":"publish","type":"page","link":"http:\/\/www.ribefisker.dk\/anbefalinger-til-klimatilpasning-af-ribe-by\/","title":{"rendered":"Nyt fra bestyrelsen"},"content":{"rendered":"<h4><strong>Seneste nyt fra RSF den 1. maj 2024<\/strong><\/h4>\n<p><a href=\"http:\/\/www.ribefisker.dk\/wp-content\/uploads\/2024\/05\/RSF-kvote-laks-2024.jpg\"><img loading=\"lazy\" decoding=\"async\" class=\"alignnone wp-image-14855 size-full\" src=\"http:\/\/www.ribefisker.dk\/wp-content\/uploads\/2024\/05\/RSF-kvote-laks-2024.jpg\" alt=\"\" width=\"960\" height=\"720\" srcset=\"http:\/\/www.ribefisker.dk\/wp-content\/uploads\/2024\/05\/RSF-kvote-laks-2024.jpg 960w, http:\/\/www.ribefisker.dk\/wp-content\/uploads\/2024\/05\/RSF-kvote-laks-2024-300x225.jpg 300w, http:\/\/www.ribefisker.dk\/wp-content\/uploads\/2024\/05\/RSF-kvote-laks-2024-768x576.jpg 768w, http:\/\/www.ribefisker.dk\/wp-content\/uploads\/2024\/05\/RSF-kvote-laks-2024-150x113.jpg 150w\" sizes=\"auto, (max-width: 960px) 100vw, 960px\" \/><\/a><\/p>\n<p>K\u00e6re medlemmer, kvoten p\u00e5 de store laks blev i \u00e5r opfisket i l\u00f8bet af 14 dage, det afviger lidt fra de tidligere \u00e5r, hvor kvoten blev opfisket i l\u00f8bet af et par dage. Vi har haft og har fortsat en h\u00f8j vandstand i \u00e5r, s\u00e5 det har ikke v\u00e6ret nemt at komme frem til de s\u00e6dvanlige pladser. Men mange af vores medlemmer har v\u00e6ret en tur langs vores sk\u00f8nne vandl\u00f8b. Fangsterne af laks i RSF er i \u00e5r rimeligt fordelt mellem Ribe \u00e5, Gels \u00e5, Flads \u00e5 og Hjortvad \u00e5.<\/p>\n<p>Mange af foreningens medlemmer har helt sikkert f\u00e5et udvekslet erfaringer og nydt det sociale samv\u00e6r vi har i foreningen, n\u00e5r de m\u00f8dtes ved \u00e5en. Glem nu ikke, at der i skrivende stund fortsat er store laks tilbage p\u00e5 kvoten i Gels \u00e5 sammenslutningens fiskevand.<\/p>\n<p>Ligeledes er der gode muligheder for at fange en af de flotte \u201cMaj springer\u201d. Der er lige fanget et rigtig flot eksemplar p\u00e5 S\u00f8nderjysk Sportsfiskerforening stykke i Gram \u00e5 p\u00e5 75 cm 5,52 kg. Alts\u00e5 opstr\u00f8ms RSF fiskevand \u2013 s\u00e5 den har jo passeret gennem Ribe \u00e5, og Flads \u00e5.<\/p>\n<p>De sidste \u00e5r er der ligeledes fanget \u201cMaj springere\u201d i Gels \u00e5(RSF fiskevand) af blandt andet af Jan Nielsen den 21. april 2023, hav\u00f8rred 75,5 cm og 6,11 kg<\/p>\n<p><a href=\"http:\/\/www.ribefisker.dk\/wp-content\/uploads\/2024\/05\/20230421_193309-scaled-1.jpg\"><img loading=\"lazy\" decoding=\"async\" class=\"alignnone wp-image-14857 size-large\" src=\"http:\/\/www.ribefisker.dk\/wp-content\/uploads\/2024\/05\/20230421_193309-scaled-1-1024x768.jpg\" alt=\"\" width=\"720\" height=\"540\" srcset=\"http:\/\/www.ribefisker.dk\/wp-content\/uploads\/2024\/05\/20230421_193309-scaled-1-1024x768.jpg 1024w, http:\/\/www.ribefisker.dk\/wp-content\/uploads\/2024\/05\/20230421_193309-scaled-1-300x225.jpg 300w, http:\/\/www.ribefisker.dk\/wp-content\/uploads\/2024\/05\/20230421_193309-scaled-1-768x576.jpg 768w, http:\/\/www.ribefisker.dk\/wp-content\/uploads\/2024\/05\/20230421_193309-scaled-1-1536x1152.jpg 1536w, http:\/\/www.ribefisker.dk\/wp-content\/uploads\/2024\/05\/20230421_193309-scaled-1-2048x1536.jpg 2048w, http:\/\/www.ribefisker.dk\/wp-content\/uploads\/2024\/05\/20230421_193309-scaled-1-150x113.jpg 150w\" sizes=\"auto, (max-width: 720px) 100vw, 720px\" \/><\/a><\/p>\n<p>Mon ikke de store hav\u00f8rreder ogs\u00e5 finder op i Hjortvad \u00e5, inden l\u00e6nge, m\u00e5ske er de der allerede.<\/p>\n<p>Der blev fanget et par flotte hav\u00f8rreder i Ribe Vester \u00e5 ved s\u00e6son start. Om ikke andet kommer de helt sikkert n\u00e5r Hylden begynder at blomstre.<\/p>\n<p>Husk at du kan f\u00f8lge <a href=\"http:\/\/www.ribe\u00e5.dk\/forside\/fangster-og-indberet\/fangstliste\">\u201cDetaljer for alle fangster\u201d<\/a> i Ribe \u00e5 systemet via RSF hjemmeside.<\/p>\n<p>Men d.d. er der fortsat en rimelig h\u00f8j vandstand mange steder, s\u00e5 husk de lange st\u00f8vler. Her bl.a.et foto fra Gels \u00e5 ved Moldts bro opstr\u00f8ms Magnes bro.<\/p>\n<p><a href=\"http:\/\/www.ribefisker.dk\/wp-content\/uploads\/2024\/05\/IMG_20240501_193144-1.jpg\"><img loading=\"lazy\" decoding=\"async\" class=\"alignnone wp-image-14860 size-large\" src=\"http:\/\/www.ribefisker.dk\/wp-content\/uploads\/2024\/05\/IMG_20240501_193144-1-1024x461.jpg\" alt=\"\" width=\"720\" height=\"324\" srcset=\"http:\/\/www.ribefisker.dk\/wp-content\/uploads\/2024\/05\/IMG_20240501_193144-1-1024x461.jpg 1024w, http:\/\/www.ribefisker.dk\/wp-content\/uploads\/2024\/05\/IMG_20240501_193144-1-300x135.jpg 300w, http:\/\/www.ribefisker.dk\/wp-content\/uploads\/2024\/05\/IMG_20240501_193144-1-768x346.jpg 768w, http:\/\/www.ribefisker.dk\/wp-content\/uploads\/2024\/05\/IMG_20240501_193144-1-1536x692.jpg 1536w, http:\/\/www.ribefisker.dk\/wp-content\/uploads\/2024\/05\/IMG_20240501_193144-1-150x68.jpg 150w, http:\/\/www.ribefisker.dk\/wp-content\/uploads\/2024\/05\/IMG_20240501_193144-1.jpg 1599w\" sizes=\"auto, (max-width: 720px) 100vw, 720px\" \/><\/a><\/p>\n<p>Skulle du nu have en kammerat, som du vil dele dine oplevelser med &#8211; ja s\u00e5 hold jer ikke tilbage, vi f\u00e5r jo en ny kvote af store laks den 16. juni. RSF har forsat ledige medlemskaber i foreningen(b\u00e5de A og B medlemmer). Hvor I kan deltage i de kommende <a href=\"http:\/\/www.ribefisker.dk\/?page_id=26\">\u201cAktiviteter\u201d<\/a>. Blandt andet er der mulighed for at hj\u00e6lpe til med at <a href=\"http:\/\/www.ribefisker.dk\/wp-content\/uploads\/2024\/04\/Klipning-af-siv-og-graes.jpg\">klippe gr\u00e6s\/siv langs vores trampestier<\/a>. Husk at du p\u00e5 vores hjemmeside kan l\u00e6se mere om, hvorledes du kan leje <a href=\"http:\/\/www.ribefisker.dk\/?page_id=46\">foreningens klubhus<\/a>, du kan l\u00e6se mere om klubhuset i denne lille &#8220;<a href=\"http:\/\/www.ribefisker.dk\/wp-content\/uploads\/2022\/12\/RSF-K2-folder-2022.pdf\">K2 folder<\/a>&#8221; folder eller invitere en kammerat med p\u00e5 et \u201d<a href=\"http:\/\/www.ribefisker.dk\/?page_id=185\">G\u00e6stekort<\/a>\u201d og dermed f\u00e5 nogle hyggelige dage sammen, i en dejlig natur lige midt mellem Flads \u00e5 og Gels \u00e5. (Link til RSF klubhus)<\/p>\n<h6>Husk at du via foreningens hjemmeside hele tiden kan f\u00f8lge RSF fangster under <a href=\"http:\/\/www.ribefisker.dk\/?page_id=14523\">\u201dFoto af fangster 2024\u201d<\/a> eller se de samlede <a href=\"http:\/\/www.ribe\u00e5.dk\/forside\/fangster-og-indberet\/fangstliste\">\u201dDetaljere p\u00e5 samtlige fangster&#8221;<\/a> for hele Ribe \u00e5 systemet.<\/h6>\n<p><strong><em>NB: Husk bukke jagten starte den 16. maj, vis hensyn til j\u00e6gerne og b\u00e6r synlig bekl\u00e6dning.\u00a0<\/em><\/strong><\/p>\n<p><strong><em>\u00a0<\/em><\/strong><strong><em>Kn\u00e6k og br\u00e6k.<\/em><\/strong><\/p>\n<p>&#8212;&#8212;&#8212;&#8212;&#8212;&#8212;&#8212;&#8212;&#8212;&#8212;&#8212;&#8212;&#8212;&#8212;&#8212;&#8212;&#8212;&#8212;&#8212;&#8212;&#8212;&#8212;&#8212;&#8212;&#8212;&#8212;&#8212;&#8212;&#8212;&#8212;-<\/p>\n<p>&nbsp;<\/p>\n<p><strong>Den 11. april 2023 <\/strong>(Informationsbrev fra bestyrelsen)<\/p>\n<p>K\u00e6re medlemmer.<\/p>\n<p>Hermed lidt information om s\u00e6sonen 2023.<br \/>\nVi h\u00e5ber at se mange af jer til pr\u00e6mieren s\u00f8ndag.<\/p>\n<p><a style=\"color: #cb5920;\" href=\"https:\/\/opening-cdn.azureedge.net\/dsf\/files\/403185e5-d9cc-43e2-84e6-74aaa7d64f4c.pdf\">Info til medlemmer april 2023.pdf<\/a><\/p>\n<p>Kn\u00e6k og br\u00e6k<br \/>\nBestyrelsen RSF.<\/p>\n<p>&#8212;&#8212;&#8212;&#8212;&#8212;&#8212;&#8212;&#8212;&#8212;&#8212;&#8212;&#8212;&#8212;&#8212;&#8212;&#8212;&#8212;&#8212;&#8212;&#8212;&#8212;&#8212;&#8212;&#8212;&#8212;&#8212;&#8212;&#8212;&#8212;&#8212;&#8211;<\/p>\n<p><strong>Den 24. Maj 2022 <\/strong>(Artikel skrevet af K\u00e5re Welinder KWE@jv.dk)<\/p>\n<p>Efter flere \u00e5rs arbejde i kulisserne er der enighed: Stor arbejdsgruppe pr\u00e6senterer klima- og passagel\u00f8sning for Ribe By \u2013 nu er det op til Esbjerg Kommune, om de vil bruge den.<br \/>\n<a href=\"http:\/\/www.ribefisker.dk\/?p=12713\">L\u00e6s mere om dette p\u00e5 RSF hjemmeside: <\/a><\/p>\n<p><strong>Svar fra Esbjerg kommune:<\/strong> Intet &#8211; Er fortsat i h\u00f8ring indtil december, desuden kan det f\u00f8rst sagsbehandles efter valget er overst\u00e5et.<\/p>\n<p><a href=\"http:\/\/www.ribefisker.dk\/wp-content\/uploads\/2022\/08\/anbefalinger-til-klimatilpasning-af-ribe-by-1.pdf\">L\u00e6s anbefalinger som bl.a. RSF har medvirket ved (klik her)<\/a><\/p>\n<p><a href=\"http:\/\/www.ribefisker.dk\/wp-content\/uploads\/2022\/08\/anbefalinger-til-klimatilpasning-af-ribe-by-1.pdf\"><img loading=\"lazy\" decoding=\"async\" class=\"alignnone wp-image-13280 size-full\" src=\"http:\/\/www.ribefisker.dk\/wp-content\/uploads\/2022\/11\/Anbefalinger-til-Esbjerg-Kommune-1.jpg\" alt=\"\" width=\"781\" height=\"1108\" srcset=\"http:\/\/www.ribefisker.dk\/wp-content\/uploads\/2022\/11\/Anbefalinger-til-Esbjerg-Kommune-1.jpg 781w, http:\/\/www.ribefisker.dk\/wp-content\/uploads\/2022\/11\/Anbefalinger-til-Esbjerg-Kommune-1-211x300.jpg 211w, http:\/\/www.ribefisker.dk\/wp-content\/uploads\/2022\/11\/Anbefalinger-til-Esbjerg-Kommune-1-722x1024.jpg 722w, http:\/\/www.ribefisker.dk\/wp-content\/uploads\/2022\/11\/Anbefalinger-til-Esbjerg-Kommune-1-768x1090.jpg 768w, http:\/\/www.ribefisker.dk\/wp-content\/uploads\/2022\/11\/Anbefalinger-til-Esbjerg-Kommune-1-106x150.jpg 106w\" sizes=\"auto, (max-width: 781px) 100vw, 781px\" \/><\/a><\/p>\n","protected":false},"excerpt":{"rendered":"<p>Seneste nyt fra RSF den 1. maj 2024 K\u00e6re medlemmer, kvoten p\u00e5 de store laks blev i \u00e5r opfisket i l\u00f8bet af 14 dage, det afviger lidt fra de tidligere \u00e5r, hvor kvoten blev opfisket i l\u00f8bet af et par dage. Vi har haft og har fortsat en h\u00f8j vandstand i \u00e5r, s\u00e5 det har ikke v\u00e6ret nemt at komme frem til de s\u00e6dvanlige pladser. Men mange af vores medlemmer har v\u00e6ret en tur langs vores sk\u00f8nne vandl\u00f8b. Fangsterne af laks i RSF er i \u00e5r rimeligt fordelt mellem Ribe \u00e5, Gels \u00e5, Flads \u00e5 og Hjortvad \u00e5. Mange af\u2026<\/p>\n<p> <a class=\"continue-reading-link\" href=\"http:\/\/www.ribefisker.dk\/anbefalinger-til-klimatilpasning-af-ribe-by\/\"><span>Forts\u00e6t l\u00e6sning<\/span><i class=\"crycon-right-dir\"><\/i><\/a> <\/p>\n","protected":false},"author":6,"featured_media":0,"parent":0,"menu_order":0,"comment_status":"closed","ping_status":"closed","template":"","meta":{"footnotes":""},"class_list":["post-13279","page","type-page","status-publish","hentry"],"_links":{"self":[{"href":"http:\/\/www.ribefisker.dk\/wp-json\/wp\/v2\/pages\/13279","targetHints":{"allow":["GET"]}}],"collection":[{"href":"http:\/\/www.ribefisker.dk\/wp-json\/wp\/v2\/pages"}],"about":[{"href":"http:\/\/www.ribefisker.dk\/wp-json\/wp\/v2\/types\/page"}],"author":[{"embeddable":true,"href":"http:\/\/www.ribefisker.dk\/wp-json\/wp\/v2\/users\/6"}],"replies":[{"embeddable":true,"href":"http:\/\/www.ribefisker.dk\/wp-json\/wp\/v2\/comments?post=13279"}],"version-history":[{"count":13,"href":"http:\/\/www.ribefisker.dk\/wp-json\/wp\/v2\/pages\/13279\/revisions"}],"predecessor-version":[{"id":14868,"href":"http:\/\/www.ribefisker.dk\/wp-json\/wp\/v2\/pages\/13279\/revisions\/14868"}],"wp:attachment":[{"href":"http:\/\/www.ribefisker.dk\/wp-json\/wp\/v2\/media?parent=13279"}],"curies":[{"name":"wp","href":"https:\/\/api.w.org\/{rel}","templated":true}]}}