{"id":13260,"date":"2022-11-09T14:58:20","date_gmt":"2022-11-09T13:58:20","guid":{"rendered":"http:\/\/www.ribefisker.dk\/?page_id=13260"},"modified":"2022-11-09T16:30:51","modified_gmt":"2022-11-09T15:30:51","slug":"plan-for-fiskepleje-i-ribe-aa","status":"publish","type":"page","link":"http:\/\/www.ribefisker.dk\/?page_id=13260","title":{"rendered":"Plan for fiskepleje i Ribe \u00e5"},"content":{"rendered":"<p><a href=\"https:\/\/www.fiskepleje.dk\/vandloeb\/udsaetning\/oerred\/udsaetningsplaner\/vandloeb-i-vestjylland?fbclid=IwAR2KoncBy0csBmAbj6gj0cd4qRr9DiR3Q_EtujDs4M4J1PQ5brLWI2JrzY0\"><img loading=\"lazy\" decoding=\"async\" data-attachment-id=\"13214\" data-permalink=\"http:\/\/www.ribefisker.dk\/?attachment_id=13214\" data-orig-file=\"http:\/\/www.ribefisker.dk\/wp-content\/uploads\/2022\/11\/Plan-for-fiksepleje-Ribe-Aa.png\" data-orig-size=\"591,859\" data-comments-opened=\"0\" data-image-meta=\"{&quot;aperture&quot;:&quot;0&quot;,&quot;credit&quot;:&quot;&quot;,&quot;camera&quot;:&quot;&quot;,&quot;caption&quot;:&quot;&quot;,&quot;created_timestamp&quot;:&quot;0&quot;,&quot;copyright&quot;:&quot;&quot;,&quot;focal_length&quot;:&quot;0&quot;,&quot;iso&quot;:&quot;0&quot;,&quot;shutter_speed&quot;:&quot;0&quot;,&quot;title&quot;:&quot;&quot;,&quot;orientation&quot;:&quot;0&quot;}\" data-image-title=\"Plan for fiksepleje Ribe \u00c5\" data-image-description=\"\" data-image-caption=\"\" data-medium-file=\"http:\/\/www.ribefisker.dk\/wp-content\/uploads\/2022\/11\/Plan-for-fiksepleje-Ribe-Aa-206x300.png\" data-large-file=\"http:\/\/www.ribefisker.dk\/wp-content\/uploads\/2022\/11\/Plan-for-fiksepleje-Ribe-Aa.png\" class=\"alignnone wp-image-13214 size-full\" src=\"http:\/\/www.ribefisker.dk\/wp-content\/uploads\/2022\/11\/Plan-for-fiksepleje-Ribe-Aa.png\" alt=\"\" width=\"591\" height=\"859\" srcset=\"http:\/\/www.ribefisker.dk\/wp-content\/uploads\/2022\/11\/Plan-for-fiksepleje-Ribe-Aa.png 591w, http:\/\/www.ribefisker.dk\/wp-content\/uploads\/2022\/11\/Plan-for-fiksepleje-Ribe-Aa-206x300.png 206w, http:\/\/www.ribefisker.dk\/wp-content\/uploads\/2022\/11\/Plan-for-fiksepleje-Ribe-Aa-103x150.png 103w\" sizes=\"auto, (max-width: 591px) 100vw, 591px\" \/><\/a><\/p>\n<p>Klik p\u00e5 foto og se plan for fiskepleje i Vestjylland v\u00e6lg derefter Ribe \u00e5<\/p>\n","protected":false},"excerpt":{"rendered":"<p>Klik p\u00e5 foto og se plan for fiskepleje i Vestjylland v\u00e6lg derefter Ribe \u00e5<\/p>\n<p> <a class=\"continue-reading-link\" href=\"http:\/\/www.ribefisker.dk\/?page_id=13260\"><span>Forts\u00e6t l\u00e6sning<\/span><i class=\"crycon-right-dir\"><\/i><\/a> <\/p>\n","protected":false},"author":6,"featured_media":0,"parent":40,"menu_order":0,"comment_status":"closed","ping_status":"closed","template":"","meta":{"jetpack_post_was_ever_published":false,"footnotes":""},"class_list":["post-13260","page","type-page","status-publish","hentry"],"jetpack_sharing_enabled":true,"jetpack_shortlink":"https:\/\/wp.me\/P5ZG2Z-3rS","_links":{"self":[{"href":"http:\/\/www.ribefisker.dk\/index.php?rest_route=\/wp\/v2\/pages\/13260","targetHints":{"allow":["GET"]}}],"collection":[{"href":"http:\/\/www.ribefisker.dk\/index.php?rest_route=\/wp\/v2\/pages"}],"about":[{"href":"http:\/\/www.ribefisker.dk\/index.php?rest_route=\/wp\/v2\/types\/page"}],"author":[{"embeddable":true,"href":"http:\/\/www.ribefisker.dk\/index.php?rest_route=\/wp\/v2\/users\/6"}],"replies":[{"embeddable":true,"href":"http:\/\/www.ribefisker.dk\/index.php?rest_route=%2Fwp%2Fv2%2Fcomments&post=13260"}],"version-history":[{"count":4,"href":"http:\/\/www.ribefisker.dk\/index.php?rest_route=\/wp\/v2\/pages\/13260\/revisions"}],"predecessor-version":[{"id":13265,"href":"http:\/\/www.ribefisker.dk\/index.php?rest_route=\/wp\/v2\/pages\/13260\/revisions\/13265"}],"up":[{"embeddable":true,"href":"http:\/\/www.ribefisker.dk\/index.php?rest_route=\/wp\/v2\/pages\/40"}],"wp:attachment":[{"href":"http:\/\/www.ribefisker.dk\/index.php?rest_route=%2Fwp%2Fv2%2Fmedia&parent=13260"}],"curies":[{"name":"wp","href":"https:\/\/api.w.org\/{rel}","templated":true}]}}